{"id":794,"date":"2022-01-18T23:40:19","date_gmt":"2022-01-18T22:40:19","guid":{"rendered":"https:\/\/www.kraftmaschine.org\/?post_type=product&#038;p=794"},"modified":"2022-06-21T12:14:14","modified_gmt":"2022-06-21T10:14:14","slug":"kraftboard","status":"publish","type":"product","link":"https:\/\/kraftmaschine.org\/de\/produkt\/kraftboard\/","title":{"rendered":"KRAFTBOARD"},"content":{"rendered":"<p>Das KRAFTBOARD ist ein Hangboard, welches bew\u00e4hrte Hangboard-Eigenschaften mit einer Vielzahl an Neuerungen kombiniert.<\/p>\n<p>Es bietet zwei Henkel zum Aufw\u00e4rmen und f\u00fcr Klimmz\u00fcge, zwei runde Sloper mit einem 120mm Radius, sowie einen breiten 35\u00b0 Sloper in der Mitte des Boards. Es gibt Pockets in 9 verschiedenen Tiefen von 30mm bis 6mm f\u00fcr rechts und links. Die Tiefe der Pockets ist proportional abnehmend, so dass dementsprechend die Schwierigkeit der Pockets linear ansteigt und sich die n\u00e4chste Pocket gleich schwer zur vorherigen anf\u00fchlt. Auch die Abrundung der Pockets ist an die Tiefe angeglichen und erlaubt dadurch die beste Kombination aus Komfort und Grip. So ist gew\u00e4hrleistet, dass man immer mit der idealen Trainings-Intensit\u00e4t arbeiten kann. Die von der Tiefe her zusammengeh\u00f6rigen Pockets sind im gleichen Abstand versetzt, damit beim Training immer ein angenehmer und gleichbleibender Abstand der H\u00e4nde gegeben ist. In der Mitte des Boards gibt es drei zentrale Pockets mit 35, 25 und 15 mm f\u00fcr einarmiges H\u00e4ngen mit normierten Tiefen.<\/p>\n<p>&nbsp;<\/p>\n<p>Technische Daten:<\/p>\n<ul>\n<li>Ma\u00dfe: 700 mm x 170 mm x 55 mm<\/li>\n<li>Gefertigt aus einem massiven Block Whitewood Holz<\/li>\n<li>2 x Jugs<\/li>\n<li>2 x 120 mm Radius Sloper<\/li>\n<li>1 x 35\u00b0 Sloper<\/li>\n<li>18 x (9 x rechts\/ 9 x links) Pockets mit logarithmisch abnehmender Tiefe<\/li>\n<li>Pocket-Tiefen: 30 mm, 24.5 mm, 20.1 mm, 16.4 mm, 13.4 mm, 11 mm, 9 mm, 7.3 mm, 6 mm<\/li>\n<li>3 x normierte einarmige Pockets in 35 mm, 25 mm, 15 mm<\/li>\n<\/ul>","protected":false},"excerpt":{"rendered":"<p>Das KRAFTBOARD ist ein optisch ansprechendes Hangboard aus Whitewood-Holz, welches bew\u00e4hrte Hangboard-Eigenschaften mit einer Vielzahl an Innovationen kombiniert. Das Board erlaubt es durch die stetig kleiner werdende Pockets immer den richtigen Trainingsreiz zu setzen. Durch den gleichbleibenden Abstand der Pockets zueinander sowie die sich an die Pocket-Tiefe anpassenden Abrundungen, ist au\u00dferdem immer ein angenehmes Griffgef\u00fchl gegeben.<\/p>\n<p>&nbsp;<\/p>","protected":false},"featured_media":917,"template":"","meta":{"inline_featured_image":false,"site-sidebar-layout":"default","site-content-layout":"default","ast-site-content-layout":"","site-content-style":"default","site-sidebar-style":"default","ast-global-header-display":"","ast-banner-title-visibility":"","ast-main-header-display":"","ast-hfb-above-header-display":"","ast-hfb-below-header-display":"","ast-hfb-mobile-header-display":"","site-post-title":"","ast-breadcrumbs-content":"","ast-featured-img":"","footer-sml-layout":"","theme-transparent-header-meta":"","adv-header-id-meta":"","stick-header-meta":"","header-above-stick-meta":"","header-main-stick-meta":"","header-below-stick-meta":"","astra-migrate-meta-layouts":"default","ast-page-background-enabled":"default","ast-page-background-meta":{"desktop":{"background-color":"var(--ast-global-color-4)","background-image":"","background-repeat":"repeat","background-position":"center center","background-size":"auto","background-attachment":"scroll","background-type":"","background-media":"","overlay-type":"","overlay-color":"","overlay-gradient":""},"tablet":{"background-color":"","background-image":"","background-repeat":"repeat","background-position":"center center","background-size":"auto","background-attachment":"scroll","background-type":"","background-media":"","overlay-type":"","overlay-color":"","overlay-gradient":""},"mobile":{"background-color":"","background-image":"","background-repeat":"repeat","background-position":"center center","background-size":"auto","background-attachment":"scroll","background-type":"","background-media":"","overlay-type":"","overlay-color":"","overlay-gradient":""}},"ast-content-background-meta":{"desktop":{"background-color":"var(--ast-global-color-5)","background-image":"","background-repeat":"repeat","background-position":"center center","background-size":"auto","background-attachment":"scroll","background-type":"","background-media":"","overlay-type":"","overlay-color":"","overlay-gradient":""},"tablet":{"background-color":"var(--ast-global-color-5)","background-image":"","background-repeat":"repeat","background-position":"center center","background-size":"auto","background-attachment":"scroll","background-type":"","background-media":"","overlay-type":"","overlay-color":"","overlay-gradient":""},"mobile":{"background-color":"var(--ast-global-color-5)","background-image":"","background-repeat":"repeat","background-position":"center center","background-size":"auto","background-attachment":"scroll","background-type":"","background-media":"","overlay-type":"","overlay-color":"","overlay-gradient":""}}},"product_cat":[46],"product_tag":[],"class_list":{"0":"post-794","1":"product","2":"type-product","3":"status-publish","4":"has-post-thumbnail","6":"product_cat-training","7":"desktop-align-left","8":"tablet-align-left","9":"mobile-align-left","11":"first","12":"instock","13":"taxable","14":"shipping-taxable","15":"product-type-simple"},"_links":{"self":[{"href":"https:\/\/kraftmaschine.org\/de\/wp-json\/wp\/v2\/product\/794","targetHints":{"allow":["GET"]}}],"collection":[{"href":"https:\/\/kraftmaschine.org\/de\/wp-json\/wp\/v2\/product"}],"about":[{"href":"https:\/\/kraftmaschine.org\/de\/wp-json\/wp\/v2\/types\/product"}],"version-history":[{"count":9,"href":"https:\/\/kraftmaschine.org\/de\/wp-json\/wp\/v2\/product\/794\/revisions"}],"predecessor-version":[{"id":1839,"href":"https:\/\/kraftmaschine.org\/de\/wp-json\/wp\/v2\/product\/794\/revisions\/1839"}],"wp:featuredmedia":[{"embeddable":true,"href":"https:\/\/kraftmaschine.org\/de\/wp-json\/wp\/v2\/media\/917"}],"wp:attachment":[{"href":"https:\/\/kraftmaschine.org\/de\/wp-json\/wp\/v2\/media?parent=794"}],"wp:term":[{"taxonomy":"product_cat","embeddable":true,"href":"https:\/\/kraftmaschine.org\/de\/wp-json\/wp\/v2\/product_cat?post=794"},{"taxonomy":"product_tag","embeddable":true,"href":"https:\/\/kraftmaschine.org\/de\/wp-json\/wp\/v2\/product_tag?post=794"}],"curies":[{"name":"wp","href":"https:\/\/api.w.org\/{rel}","templated":true}]}}